{"id":12,"date":"2023-07-07T19:50:41","date_gmt":"2023-07-07T17:50:41","guid":{"rendered":"https:\/\/projet.elviskonjoh.com\/?page_id=12"},"modified":"2024-02-27T21:28:57","modified_gmt":"2024-02-27T20:28:57","slug":"beaux-portfolios-pour-des-creatifs-exceptionnels","status":"publish","type":"page","link":"https:\/\/projet.elviskonjoh.com\/","title":{"rendered":"Construisons ensemble l&#8217;Afrique dont nous r\u00eavons"},"content":{"rendered":"\n<p class=\"has-text-align-center\">Explorez le monde fascinant des cryptomonnaies et percez les secrets de la blockchain gr\u00e2ce \u00e0 notre plateforme \u00e9ducative d\u00e9di\u00e9e. En vous immergeant dans nos ressources p\u00e9dagogiques vari\u00e9es, vous serez \u00e9quip\u00e9 pour comprendre et naviguer l&#8217;\u00e9cosyst\u00e8me des cryptomonnaies avec assurance et comp\u00e9tence. Rejoignez notre communaut\u00e9 d\u00e8s aujourd&#8217;hui pour d\u00e9mystifier la blockchain, investir dans votre \u00e9ducation et contribuer activement \u00e0 l&#8217;\u00e9conomie num\u00e9rique de demain, le tout dans un environnement marqu\u00e9 par la transparence et la s\u00e9curit\u00e9.<\/p>\n\n\n\n<div style=\"height:55px\" aria-hidden=\"true\" class=\"wp-block-spacer\"><\/div>\n\n\n\n<div class=\"wp-block-group alignfull has-background is-layout-flow\" style=\"background-color:#e5e9ec\"><div class=\"wp-block-group__inner-container\">\n<div class=\"wp-block-columns is-layout-flex wp-container-4\">\n<div class=\"wp-block-column is-vertically-aligned-center is-layout-flow\">\n<h2 class=\"wp-block-heading\">Acc\u00e8s \u00e9quitable <\/h2>\n\n\n\n<p class=\"justify_text\">Notre plateforme s&#8217;engage \u00e0 d\u00e9mocratiser l&#8217;acc\u00e8s \u00e0 l&#8217;\u00e9ducation sur les cryptomonnaies et la blockchain pour tous les francophones. Nous croyons fermement que l&#8217;\u00e9galit\u00e9 d&#8217;acc\u00e8s \u00e0 l&#8217;information est la cl\u00e9 pour r\u00e9duire la fracture num\u00e9rique et financi\u00e8re. Gr\u00e2ce \u00e0 un contenu p\u00e9dagogique diversifi\u00e9 et accessible, nous ouvrons les portes de la r\u00e9volution blockchain \u00e0 chacun, ind\u00e9pendamment de sa situation g\u00e9ographique ou de ses ressources financi\u00e8res. Rejoignez-nous dans cette qu\u00eate d&#8217;un savoir partag\u00e9 et d&#8217;une opportunit\u00e9 \u00e9quitable pour tous.<\/p>\n\n\n\n<div class=\"wp-block-buttons is-horizontal is-content-justification-left is-layout-flex wp-container-1\">\n<div class=\"wp-block-button is-style-outline\"><a class=\"wp-block-button__link wp-element-button\" href=\"https:\/\/projet.elviskonjoh.com\/index.php\/notre-idee\/\">LIRE PLUS<\/a><\/div>\n<\/div>\n<\/div>\n\n\n\n<div class=\"wp-block-column is-layout-flow\">\n<div style=\"height:48px\" aria-hidden=\"true\" class=\"wp-block-spacer\"><\/div>\n\n\n\n<figure class=\"wp-block-image size-large\"><img decoding=\"async\" loading=\"lazy\" width=\"1024\" height=\"682\" src=\"https:\/\/projet.elviskonjoh.com\/wp-content\/uploads\/2023\/07\/30034948-adobestock-219368840-1024x682.jpeg\" alt=\"\" class=\"wp-image-34\" srcset=\"https:\/\/projet.elviskonjoh.com\/wp-content\/uploads\/2023\/07\/30034948-adobestock-219368840-1024x682.jpeg 1024w, https:\/\/projet.elviskonjoh.com\/wp-content\/uploads\/2023\/07\/30034948-adobestock-219368840-300x200.jpeg 300w, https:\/\/projet.elviskonjoh.com\/wp-content\/uploads\/2023\/07\/30034948-adobestock-219368840-768x512.jpeg 768w, https:\/\/projet.elviskonjoh.com\/wp-content\/uploads\/2023\/07\/30034948-adobestock-219368840-600x400.jpeg 600w, https:\/\/projet.elviskonjoh.com\/wp-content\/uploads\/2023\/07\/30034948-adobestock-219368840-1200x800.jpeg 1200w, https:\/\/projet.elviskonjoh.com\/wp-content\/uploads\/2023\/07\/30034948-adobestock-219368840.jpeg 1400w\" sizes=\"(max-width: 1024px) 100vw, 1024px\" \/><\/figure>\n<\/div>\n<\/div>\n<\/div><\/div>\n\n\n\n<div class=\"wp-block-group alignfull has-pale-ocean-gradient-background has-background is-layout-flow\"><div class=\"wp-block-group__inner-container\">\n<div class=\"wp-block-columns is-layout-flex wp-container-9\">\n<div class=\"wp-block-column is-layout-flow\">\n<div style=\"height:48px\" aria-hidden=\"true\" class=\"wp-block-spacer\"><\/div>\n\n\n\n<figure class=\"wp-block-image size-large is-resized\"><img decoding=\"async\" loading=\"lazy\" src=\"https:\/\/projet.elviskonjoh.com\/wp-content\/uploads\/2023\/07\/5f9b837d2d99b6cc9c72bb7d_00-Header@2x-1024x686.png\" alt=\"\" class=\"wp-image-36\" width=\"404\" height=\"270\" srcset=\"https:\/\/projet.elviskonjoh.com\/wp-content\/uploads\/2023\/07\/5f9b837d2d99b6cc9c72bb7d_00-Header@2x-1024x686.png 1024w, https:\/\/projet.elviskonjoh.com\/wp-content\/uploads\/2023\/07\/5f9b837d2d99b6cc9c72bb7d_00-Header@2x-300x201.png 300w, https:\/\/projet.elviskonjoh.com\/wp-content\/uploads\/2023\/07\/5f9b837d2d99b6cc9c72bb7d_00-Header@2x-768x514.png 768w, https:\/\/projet.elviskonjoh.com\/wp-content\/uploads\/2023\/07\/5f9b837d2d99b6cc9c72bb7d_00-Header@2x-1536x1029.png 1536w, https:\/\/projet.elviskonjoh.com\/wp-content\/uploads\/2023\/07\/5f9b837d2d99b6cc9c72bb7d_00-Header@2x-2048x1372.png 2048w, https:\/\/projet.elviskonjoh.com\/wp-content\/uploads\/2023\/07\/5f9b837d2d99b6cc9c72bb7d_00-Header@2x-2000x1340.png 2000w, https:\/\/projet.elviskonjoh.com\/wp-content\/uploads\/2023\/07\/5f9b837d2d99b6cc9c72bb7d_00-Header@2x-600x402.png 600w, https:\/\/projet.elviskonjoh.com\/wp-content\/uploads\/2023\/07\/5f9b837d2d99b6cc9c72bb7d_00-Header@2x-1200x804.png 1200w\" sizes=\"(max-width: 404px) 100vw, 404px\" \/><\/figure>\n<\/div>\n\n\n\n<div class=\"wp-block-column is-vertically-aligned-center is-layout-flow\">\n<h2 class=\"wp-block-heading\">Diversification des niveaux de connaissance<\/h2>\n\n\n\n<p>Conscients de la diversit\u00e9 des profils de nos apprenants, nous avons con\u00e7u notre plateforme pour embrasser tous les niveaux de connaissance, des novices aux experts. Notre curriculum vari\u00e9 comprend des introductions aux concepts de base, des analyses techniques approfondies, et des \u00e9tudes de cas avanc\u00e9es. Chaque parcours d&#8217;apprentissage est personnalisable, permettant \u00e0 chacun de progresser \u00e0 son rythme, de renforcer ses comp\u00e9tences et de s&#8217;\u00e9panouir dans l&#8217;\u00e9cosyst\u00e8me des cryptomonnaies et de la blockchain.<\/p>\n\n\n\n<div class=\"wp-block-buttons is-horizontal is-content-justification-left is-layout-flex wp-container-7\">\n<div class=\"wp-block-button is-style-outline\"><a class=\"wp-block-button__link wp-element-button\" href=\"https:\/\/projet.elviskonjoh.com\/index.php\/notre-idee\/\">LIRE PLUS<\/a><\/div>\n<\/div>\n<\/div>\n<\/div>\n<\/div><\/div>\n\n\n\n<div class=\"wp-block-group alignfull has-background is-layout-flow\" style=\"background-color:#e5e9ec\"><div class=\"wp-block-group__inner-container\">\n<div class=\"wp-block-columns is-layout-flex wp-container-14\">\n<div class=\"wp-block-column is-vertically-aligned-center is-layout-flow\">\n<h2 class=\"wp-block-heading\">Transparence et confiance gr\u00e2ce \u00e0 la blockchain<\/h2>\n\n\n\n<p class=\"justify_text\">Au c\u0153ur de notre mission \u00e9ducative se trouve la promotion des valeurs de transparence et de confiance, fondamentales dans l&#8217;univers de la blockchain. Notre plateforme utilise la technologie blockchain pour garantir l&#8217;int\u00e9grit\u00e9 et la s\u00e9curit\u00e9 des donn\u00e9es, offrant ainsi un environnement d&#8217;apprentissage fiable. En explorant avec nous, vous d\u00e9couvrirez comment la blockchain fa\u00e7onne un futur plus transparent et \u00e9quitable, et comment vous pouvez y contribuer.<\/p>\n\n\n\n<div class=\"wp-block-buttons is-horizontal is-content-justification-left is-layout-flex wp-container-11\">\n<div class=\"wp-block-button is-style-outline\"><a class=\"wp-block-button__link wp-element-button\" href=\"https:\/\/projet.elviskonjoh.com\/index.php\/notre-idee\/\">LIRE PLUS<\/a><\/div>\n<\/div>\n<\/div>\n\n\n\n<div class=\"wp-block-column is-layout-flow\">\n<div style=\"height:48px\" aria-hidden=\"true\" class=\"wp-block-spacer\"><\/div>\n\n\n\n<figure class=\"wp-block-image size-large\"><img decoding=\"async\" loading=\"lazy\" width=\"1024\" height=\"767\" src=\"https:\/\/projet.elviskonjoh.com\/wp-content\/uploads\/2023\/07\/blockchain2-1024x767.png\" alt=\"\" class=\"wp-image-37\" srcset=\"https:\/\/projet.elviskonjoh.com\/wp-content\/uploads\/2023\/07\/blockchain2-1024x767.png 1024w, https:\/\/projet.elviskonjoh.com\/wp-content\/uploads\/2023\/07\/blockchain2-300x225.png 300w, https:\/\/projet.elviskonjoh.com\/wp-content\/uploads\/2023\/07\/blockchain2-768x575.png 768w, https:\/\/projet.elviskonjoh.com\/wp-content\/uploads\/2023\/07\/blockchain2-600x450.png 600w, https:\/\/projet.elviskonjoh.com\/wp-content\/uploads\/2023\/07\/blockchain2-1200x899.png 1200w, https:\/\/projet.elviskonjoh.com\/wp-content\/uploads\/2023\/07\/blockchain2.png 1280w\" sizes=\"(max-width: 1024px) 100vw, 1024px\" \/><\/figure>\n<\/div>\n<\/div>\n<\/div><\/div>\n\n\n\n<div class=\"wp-block-group alignfull has-pale-ocean-gradient-background has-background is-layout-flow\"><div class=\"wp-block-group__inner-container\">\n<div class=\"wp-block-columns is-layout-flex wp-container-19\">\n<div class=\"wp-block-column is-layout-flow\">\n<div style=\"height:48px\" aria-hidden=\"true\" class=\"wp-block-spacer\"><\/div>\n\n\n\n<figure class=\"wp-block-image size-full\"><img decoding=\"async\" loading=\"lazy\" width=\"592\" height=\"436\" src=\"https:\/\/projet.elviskonjoh.com\/wp-content\/uploads\/2023\/07\/6-leonora-buckland-impact-measurement.592x436.jpg\" alt=\"\" class=\"wp-image-42\" srcset=\"https:\/\/projet.elviskonjoh.com\/wp-content\/uploads\/2023\/07\/6-leonora-buckland-impact-measurement.592x436.jpg 592w, https:\/\/projet.elviskonjoh.com\/wp-content\/uploads\/2023\/07\/6-leonora-buckland-impact-measurement.592x436-300x221.jpg 300w\" sizes=\"(max-width: 592px) 100vw, 592px\" \/><\/figure>\n<\/div>\n\n\n\n<div class=\"wp-block-column is-vertically-aligned-center is-layout-flow\">\n<h2 class=\"wp-block-heading\">Impact social et d\u00e9veloppement durable<\/h2>\n\n\n\n<p class=\"justify_text\">Nous envisageons la blockchain et les cryptomonnaies comme des vecteurs de changement social positif et de d\u00e9veloppement durable. \u00c0 travers notre plateforme, nous ambitionnons de former une g\u00e9n\u00e9ration de leaders inform\u00e9s, capables d&#8217;utiliser ces technologies pour adresser des d\u00e9fis globaux tels que l&#8217;inclusion financi\u00e8re, la r\u00e9duction des in\u00e9galit\u00e9s, et la protection de l&#8217;environnement. En vous joignant \u00e0 nous, vous prenez part \u00e0 un mouvement qui d\u00e9passe la simple acquisition de connaissances, pour \u0153uvrer en faveur d&#8217;un avenir plus juste et durable.<\/p>\n\n\n\n<div class=\"wp-block-buttons is-horizontal is-content-justification-left is-layout-flex wp-container-17\">\n<div class=\"wp-block-button is-style-outline\"><a class=\"wp-block-button__link wp-element-button\" href=\"https:\/\/projet.elviskonjoh.com\/index.php\/notre-idee\/\">LIRE PLUS<\/a><\/div>\n<\/div>\n<\/div>\n<\/div>\n<\/div><\/div>\n\n\n\n<div class=\"wp-block-group alignfull has-very-light-gray-to-cyan-bluish-gray-gradient-background has-background is-layout-constrained\"><div class=\"wp-block-group__inner-container\">\n<h2 class=\"wp-block-heading has-text-align-center has-x-large-font-size\">Public Cible<\/h2>\n\n\n\n<p class=\"has-text-align-center has-medium-font-size\"><strong>Le public cible englobe les d\u00e9butants d\u00e9couvrant les cryptomonnaies, les investisseurs et traders de niveau interm\u00e9diaire, ainsi que les experts d\u00e9sirant se tenir \u00e0 jour sur les derni\u00e8res tendances.<\/strong><\/p>\n\n\n\n<p class=\"has-x-large-font-size\"><p style=\"box-sizing: inherit; margin: 0px 0px 1.5em; padding: 0px; color: rgb(68, 68, 68); font-size: 16px; font-weight: 400; text-align: start; white-space-collapse: collapse;\"><\/p><\/p>\n\n\n\n<div class=\"wp-block-columns is-layout-flex wp-container-22\">\n<div class=\"wp-block-column is-layout-flow\">\n<h2 class=\"wp-block-heading has-text-align-center\">Public Cible<p style=\"box-sizing: inherit; margin: 0px 0px 1.5em; padding: 0px; color: rgb(68, 68, 68); font-size: 16px; font-weight: 400; text-align: start; white-space-collapse: collapse;\">Notre public cible englobe les d\u00e9butants d\u00e9couvrant les cryptomonnaies, les investisseurs et traders de niveau interm\u00e9diaire, ainsi que les experts d\u00e9sirant se tenir \u00e0 jour sur les derni\u00e8res tendances.<\/p><\/h2>\n<\/div>\n<\/div>\n<\/div><\/div>\n\n\n\n<h1 class=\"wp-block-heading has-text-align-center\"><\/h1>\n\n\n\n<div class=\"wp-block-group alignfull has-black-background-color has-background is-layout-flow\"><div class=\"wp-block-group__inner-container\">\n<h2 class=\"wp-block-heading has-text-align-center has-white-color has-text-color\"><strong>Quelques images que nous voulons r\u00e9aliser<\/strong><\/h2>\n\n\n\n<figure class=\"wp-block-gallery aligncenter has-nested-images columns-default is-cropped wp-block-gallery-24 is-layout-flex\">\n<figure class=\"wp-block-image size-large\"><img decoding=\"async\" loading=\"lazy\" width=\"1024\" height=\"883\" src=\"https:\/\/projet.elviskonjoh.com\/wp-content\/uploads\/2023\/07\/7269688348_54ca1fa5b0_o-1024x883.jpg\" alt=\"\" class=\"wp-image-58\" srcset=\"https:\/\/projet.elviskonjoh.com\/wp-content\/uploads\/2023\/07\/7269688348_54ca1fa5b0_o-1024x883.jpg 1024w, https:\/\/projet.elviskonjoh.com\/wp-content\/uploads\/2023\/07\/7269688348_54ca1fa5b0_o-300x259.jpg 300w, https:\/\/projet.elviskonjoh.com\/wp-content\/uploads\/2023\/07\/7269688348_54ca1fa5b0_o-768x663.jpg 768w, https:\/\/projet.elviskonjoh.com\/wp-content\/uploads\/2023\/07\/7269688348_54ca1fa5b0_o-600x518.jpg 600w, https:\/\/projet.elviskonjoh.com\/wp-content\/uploads\/2023\/07\/7269688348_54ca1fa5b0_o-1200x1035.jpg 1200w, https:\/\/projet.elviskonjoh.com\/wp-content\/uploads\/2023\/07\/7269688348_54ca1fa5b0_o.jpg 1500w\" sizes=\"(max-width: 1024px) 100vw, 1024px\" \/><\/figure>\n\n\n\n<figure class=\"wp-block-image size-full\"><img decoding=\"async\" loading=\"lazy\" width=\"800\" height=\"600\" src=\"https:\/\/projet.elviskonjoh.com\/wp-content\/uploads\/2024\/02\/75B16183-4BB3-491F-BEA9-CBE86C476E85.jpeg\" alt=\"\" class=\"wp-image-123\" srcset=\"https:\/\/projet.elviskonjoh.com\/wp-content\/uploads\/2024\/02\/75B16183-4BB3-491F-BEA9-CBE86C476E85.jpeg 800w, https:\/\/projet.elviskonjoh.com\/wp-content\/uploads\/2024\/02\/75B16183-4BB3-491F-BEA9-CBE86C476E85-300x225.jpeg 300w, https:\/\/projet.elviskonjoh.com\/wp-content\/uploads\/2024\/02\/75B16183-4BB3-491F-BEA9-CBE86C476E85-768x576.jpeg 768w, https:\/\/projet.elviskonjoh.com\/wp-content\/uploads\/2024\/02\/75B16183-4BB3-491F-BEA9-CBE86C476E85-600x450.jpeg 600w\" sizes=\"(max-width: 800px) 100vw, 800px\" \/><\/figure>\n\n\n\n<figure class=\"wp-block-image size-full\"><img decoding=\"async\" loading=\"lazy\" width=\"450\" height=\"300\" src=\"https:\/\/projet.elviskonjoh.com\/wp-content\/uploads\/2023\/07\/63538747-mini-bulldozer-jaune-travaillant-avec-la-terre-le-sol-en-mouvement-et-faire-des-travaux-d.webp\" alt=\"\" class=\"wp-image-56\" srcset=\"https:\/\/projet.elviskonjoh.com\/wp-content\/uploads\/2023\/07\/63538747-mini-bulldozer-jaune-travaillant-avec-la-terre-le-sol-en-mouvement-et-faire-des-travaux-d.webp 450w, https:\/\/projet.elviskonjoh.com\/wp-content\/uploads\/2023\/07\/63538747-mini-bulldozer-jaune-travaillant-avec-la-terre-le-sol-en-mouvement-et-faire-des-travaux-d-300x200.webp 300w\" sizes=\"(max-width: 450px) 100vw, 450px\" \/><\/figure>\n\n\n\n<figure class=\"wp-block-image size-large\"><img decoding=\"async\" loading=\"lazy\" width=\"1024\" height=\"593\" src=\"https:\/\/projet.elviskonjoh.com\/wp-content\/uploads\/2023\/07\/kidal-portraits_femmes_resilientes-04-1024x593.jpg\" alt=\"\" class=\"wp-image-61\" srcset=\"https:\/\/projet.elviskonjoh.com\/wp-content\/uploads\/2023\/07\/kidal-portraits_femmes_resilientes-04-1024x593.jpg 1024w, https:\/\/projet.elviskonjoh.com\/wp-content\/uploads\/2023\/07\/kidal-portraits_femmes_resilientes-04-300x174.jpg 300w, https:\/\/projet.elviskonjoh.com\/wp-content\/uploads\/2023\/07\/kidal-portraits_femmes_resilientes-04-768x445.jpg 768w, https:\/\/projet.elviskonjoh.com\/wp-content\/uploads\/2023\/07\/kidal-portraits_femmes_resilientes-04-600x348.jpg 600w, https:\/\/projet.elviskonjoh.com\/wp-content\/uploads\/2023\/07\/kidal-portraits_femmes_resilientes-04.jpg 1200w\" sizes=\"(max-width: 1024px) 100vw, 1024px\" \/><\/figure>\n\n\n\n<figure class=\"wp-block-image size-full\"><img decoding=\"async\" loading=\"lazy\" width=\"800\" height=\"480\" src=\"https:\/\/projet.elviskonjoh.com\/wp-content\/uploads\/2024\/02\/Africa-crypto.png\" alt=\"\" class=\"wp-image-122\" srcset=\"https:\/\/projet.elviskonjoh.com\/wp-content\/uploads\/2024\/02\/Africa-crypto.png 800w, https:\/\/projet.elviskonjoh.com\/wp-content\/uploads\/2024\/02\/Africa-crypto-300x180.png 300w, https:\/\/projet.elviskonjoh.com\/wp-content\/uploads\/2024\/02\/Africa-crypto-768x461.png 768w, https:\/\/projet.elviskonjoh.com\/wp-content\/uploads\/2024\/02\/Africa-crypto-600x360.png 600w\" sizes=\"(max-width: 800px) 100vw, 800px\" \/><\/figure>\n\n\n\n<figure class=\"wp-block-image size-full\"><img decoding=\"async\" loading=\"lazy\" width=\"729\" height=\"486\" src=\"https:\/\/projet.elviskonjoh.com\/wp-content\/uploads\/2023\/07\/elevage-poulets-Loue_0.webp\" alt=\"\" class=\"wp-image-62\" srcset=\"https:\/\/projet.elviskonjoh.com\/wp-content\/uploads\/2023\/07\/elevage-poulets-Loue_0.webp 729w, https:\/\/projet.elviskonjoh.com\/wp-content\/uploads\/2023\/07\/elevage-poulets-Loue_0-300x200.webp 300w, https:\/\/projet.elviskonjoh.com\/wp-content\/uploads\/2023\/07\/elevage-poulets-Loue_0-600x400.webp 600w\" sizes=\"(max-width: 729px) 100vw, 729px\" \/><\/figure>\n<\/figure>\n<\/div><\/div>\n\n\n\n<div class=\"wp-block-cover alignfull has-parallax is-position-center-center\" style=\"min-height:375px\"><span aria-hidden=\"true\" class=\"wp-block-cover__background has-black-background-color has-background-dim-80 has-background-dim\"><\/span><div role=\"img\" class=\"wp-block-cover__image-background wp-image-124 has-parallax\" style=\"background-position:50% 50%;background-image:url(https:\/\/projet.elviskonjoh.com\/wp-content\/uploads\/2024\/02\/Education-Blockchain-Initiative.jpg)\"><\/div><div class=\"wp-block-cover__inner-container\">\n<p class=\"has-text-align-center has-text-color has-huge-font-size\" style=\"color:#fffffa;line-height:1.1\"><strong>Comment nous contacter<\/strong><\/p>\n\n\n\n<p class=\"has-text-align-center\">Nous sommes ravis de r\u00e9pondre \u00e0 toutes vos questions et de vous fournir plus d&#8217;informations sur notre plateforme d&#8217;\u00e9ducation participative bas\u00e9e sur la blockchain en Afrique. N&#8217;h\u00e9sitez pas \u00e0 nous contacter, de nous soutenir, et de contribuer \u00e0 une vulgarisation de cette connaissance.<\/p>\n\n\n\n<div class=\"wp-block-buttons is-horizontal is-content-justification-center is-layout-flex wp-container-27\">\n<div class=\"wp-block-button is-style-outline\"><a class=\"wp-block-button__link has-white-color has-text-color wp-element-button\" href=\"https:\/\/projet.elviskonjoh.com\/index.php\/contact\/\">En savoir plus<\/a><\/div>\n<\/div>\n<\/div><\/div>\n","protected":false},"excerpt":{"rendered":"<p>Explorez le monde fascinant des cryptomonnaies et percez les secrets de la blockchain gr\u00e2ce \u00e0 notre plateforme \u00e9ducative d\u00e9di\u00e9e. En vous immergeant dans nos ressources p\u00e9dagogiques vari\u00e9es, vous serez \u00e9quip\u00e9 pour comprendre et naviguer l&#8217;\u00e9cosyst\u00e8me des cryptomonnaies avec assurance et comp\u00e9tence. Rejoignez notre communaut\u00e9 d\u00e8s aujourd&#8217;hui pour d\u00e9mystifier la blockchain, investir dans votre \u00e9ducation et &hellip; <\/p>\n<p class=\"link-more\"><a href=\"https:\/\/projet.elviskonjoh.com\/\" class=\"more-link\">Read more<span class=\"screen-reader-text\"> &#8220;Construisons ensemble l&#8217;Afrique dont nous r\u00eavons&#8221;<\/span><\/a><\/p>\n","protected":false},"author":1,"featured_media":85,"parent":0,"menu_order":0,"comment_status":"closed","ping_status":"closed","template":"","meta":{"content-type":""},"featured_media_urls":{"thumbnail":["https:\/\/projet.elviskonjoh.com\/wp-content\/uploads\/2023\/07\/vision_20statement_20examples-150x150.webp",150,150,true],"medium":["https:\/\/projet.elviskonjoh.com\/wp-content\/uploads\/2023\/07\/vision_20statement_20examples-300x127.webp",300,127,true],"medium_large":["https:\/\/projet.elviskonjoh.com\/wp-content\/uploads\/2023\/07\/vision_20statement_20examples-768x325.webp",768,325,true],"large":["https:\/\/projet.elviskonjoh.com\/wp-content\/uploads\/2023\/07\/vision_20statement_20examples-1024x433.webp",950,402,true],"1536x1536":["https:\/\/projet.elviskonjoh.com\/wp-content\/uploads\/2023\/07\/vision_20statement_20examples-1536x650.webp",1536,650,true],"2048x2048":["https:\/\/projet.elviskonjoh.com\/wp-content\/uploads\/2023\/07\/vision_20statement_20examples.webp",1848,782,false],"inspiro-featured-image":["https:\/\/projet.elviskonjoh.com\/wp-content\/uploads\/2023\/07\/vision_20statement_20examples.webp",1848,782,false],"inspiro-loop":["https:\/\/projet.elviskonjoh.com\/wp-content\/uploads\/2023\/07\/vision_20statement_20examples-950x320.webp",950,320,true],"inspiro-loop@2x":["https:\/\/projet.elviskonjoh.com\/wp-content\/uploads\/2023\/07\/vision_20statement_20examples-1848x640.webp",1848,640,true],"portfolio_item-thumbnail":["https:\/\/projet.elviskonjoh.com\/wp-content\/uploads\/2023\/07\/vision_20statement_20examples-600x400.webp",600,400,true],"portfolio_item-thumbnail@2x":["https:\/\/projet.elviskonjoh.com\/wp-content\/uploads\/2023\/07\/vision_20statement_20examples-1200x782.webp",1200,782,true],"portfolio_item-masonry":["https:\/\/projet.elviskonjoh.com\/wp-content\/uploads\/2023\/07\/vision_20statement_20examples-600x254.webp",600,254,true],"portfolio_item-masonry@2x":["https:\/\/projet.elviskonjoh.com\/wp-content\/uploads\/2023\/07\/vision_20statement_20examples-1200x508.webp",1200,508,true],"portfolio_item-thumbnail_cinema":["https:\/\/projet.elviskonjoh.com\/wp-content\/uploads\/2023\/07\/vision_20statement_20examples-800x335.webp",800,335,true],"portfolio_item-thumbnail_portrait":["https:\/\/projet.elviskonjoh.com\/wp-content\/uploads\/2023\/07\/vision_20statement_20examples-600x782.webp",600,782,true],"portfolio_item-thumbnail_portrait@2x":["https:\/\/projet.elviskonjoh.com\/wp-content\/uploads\/2023\/07\/vision_20statement_20examples-1200x782.webp",1200,782,true],"portfolio_item-thumbnail_square":["https:\/\/projet.elviskonjoh.com\/wp-content\/uploads\/2023\/07\/vision_20statement_20examples-800x782.webp",800,782,true]},"_links":{"self":[{"href":"https:\/\/projet.elviskonjoh.com\/index.php\/wp-json\/wp\/v2\/pages\/12"}],"collection":[{"href":"https:\/\/projet.elviskonjoh.com\/index.php\/wp-json\/wp\/v2\/pages"}],"about":[{"href":"https:\/\/projet.elviskonjoh.com\/index.php\/wp-json\/wp\/v2\/types\/page"}],"author":[{"embeddable":true,"href":"https:\/\/projet.elviskonjoh.com\/index.php\/wp-json\/wp\/v2\/users\/1"}],"replies":[{"embeddable":true,"href":"https:\/\/projet.elviskonjoh.com\/index.php\/wp-json\/wp\/v2\/comments?post=12"}],"version-history":[{"count":15,"href":"https:\/\/projet.elviskonjoh.com\/index.php\/wp-json\/wp\/v2\/pages\/12\/revisions"}],"predecessor-version":[{"id":125,"href":"https:\/\/projet.elviskonjoh.com\/index.php\/wp-json\/wp\/v2\/pages\/12\/revisions\/125"}],"wp:featuredmedia":[{"embeddable":true,"href":"https:\/\/projet.elviskonjoh.com\/index.php\/wp-json\/wp\/v2\/media\/85"}],"wp:attachment":[{"href":"https:\/\/projet.elviskonjoh.com\/index.php\/wp-json\/wp\/v2\/media?parent=12"}],"curies":[{"name":"wp","href":"https:\/\/api.w.org\/{rel}","templated":true}]}}