{"id":13,"date":"2023-07-07T19:50:41","date_gmt":"2023-07-07T17:50:41","guid":{"rendered":"https:\/\/projet.elviskonjoh.com\/?page_id=13"},"modified":"2024-02-27T21:48:24","modified_gmt":"2024-02-27T20:48:24","slug":"notre-vision","status":"publish","type":"page","link":"https:\/\/projet.elviskonjoh.com\/index.php\/notre-vision\/","title":{"rendered":"Notre vision"},"content":{"rendered":"\n<p>Notre vision est de devenir une pierre angulaire dans l&#8217;\u00e9ducation sur les cryptomonnaies et la blockchain pour la communaut\u00e9 francophone \u00e0 travers le monde. Nous aspirons \u00e0 cr\u00e9er un espace o\u00f9 la curiosit\u00e9, l&#8217;innovation, et l&#8217;aspiration au savoir se rencontrent, permettant \u00e0 chacun de d\u00e9couvrir le potentiel transformateur de ces technologies disruptives.<\/p>\n\n\n\n<p>Nous envisageons une communaut\u00e9 o\u00f9 chaque individu, ind\u00e9pendamment de son origine, de son niveau d&#8217;\u00e9ducation pr\u00e9alable, ou de ses comp\u00e9tences techniques, peut acc\u00e9der \u00e0 une connaissance approfondie et pratique de la blockchain et des cryptomonnaies. Notre but est de lever les barri\u00e8res de la complexit\u00e9 et du jargon sp\u00e9cialis\u00e9, rendant ces sujets non seulement compr\u00e9hensibles mais \u00e9galement applicables dans la vie quotidienne, dans les affaires et dans la soci\u00e9t\u00e9.<\/p>\n\n\n\n<p>\u00c0 travers une approche \u00e9ducative holistique, nous souhaitons habiliter nos utilisateurs non seulement \u00e0 comprendre, mais aussi \u00e0 innover et \u00e0 cr\u00e9er avec la technologie blockchain. Nous nous engageons \u00e0 fournir des ressources p\u00e9dagogiques de qualit\u00e9, des \u00e9tudes de cas r\u00e9els, des simulations pratiques, et des opportunit\u00e9s de r\u00e9seautage, le tout dans un environnement d&#8217;apprentissage s\u00e9curis\u00e9 et transparent.<\/p>\n\n\n\n<p>Notre vision s&#8217;\u00e9tend au-del\u00e0 de l&#8217;\u00e9ducation individuelle. Nous aspirons \u00e0 catalyser un mouvement vers une plus grande inclusion financi\u00e8re, \u00e0 promouvoir l&#8217;\u00e9thique et la responsabilit\u00e9 dans l&#8217;utilisation des cryptomonnaies, et \u00e0 encourager l&#8217;adoption de la blockchain comme outil de d\u00e9veloppement durable et de transformation sociale. En faisant tomber les barri\u00e8res linguistiques et culturelles, nous ambitionnons de cr\u00e9er une plateforme globale, rassemblant des esprits curieux et innovants, pr\u00eats \u00e0 fa\u00e7onner l&#8217;avenir de la finance et de la technologie.<\/p>\n\n\n\n<p>Notre vision est de construire un pont entre la technologie blockchain et les francophones \u00e0 travers le monde, offrant \u00e9ducation, empowerment et engagement. Nous nous engageons \u00e0 \u00eatre \u00e0 l&#8217;avant-garde de l&#8217;\u00e9ducation sur les cryptomonnaies, \u00e0 encourager l&#8217;exploration et l&#8217;innovation, et \u00e0 soutenir nos utilisateurs dans leur voyage vers la ma\u00eetrise de ces technologies r\u00e9volutionnaires.<\/p>\n\n\n\n<ol>\n<li><strong>D\u00e9mocratiser l&#8217;Acc\u00e8s \u00e0 l&#8217;\u00c9ducation sur les Cryptomonnaies et la Blockchain<\/strong> : Notre premier objectif est de rendre l&#8217;\u00e9ducation sur les cryptomonnaies et la blockchain accessible \u00e0 tous les francophones, ind\u00e9pendamment de leur situation g\u00e9ographique ou de leur niveau de connaissance pr\u00e9alable. Cela implique la cr\u00e9ation de contenu \u00e9ducatif vari\u00e9, allant des principes de base \u00e0 des sujets plus avanc\u00e9s, afin de couvrir l&#8217;ensemble du spectre des besoins \u00e9ducatifs dans ce domaine.<\/li>\n\n\n\n<li><strong>Favoriser la Compr\u00e9hension et l&#8217;Application Pratique<\/strong> : Nous visons \u00e0 transcender la simple transmission de connaissances pour encourager une compr\u00e9hension profonde et une application pratique des concepts de blockchain et de cryptomonnaies. Cela inclut le d\u00e9veloppement de modules interactifs, de simulations, et de projets pratiques qui permettent aux utilisateurs de mettre en pratique ce qu&#8217;ils ont appris dans des environnements contr\u00f4l\u00e9s.<\/li>\n\n\n\n<li><strong>Promouvoir l&#8217;Innovation et le D\u00e9veloppement de Projets<\/strong> : Encourager les utilisateurs \u00e0 innover et \u00e0 d\u00e9velopper leurs propres projets bas\u00e9s sur la blockchain est un objectif cl\u00e9. Nous souhaitons fournir les outils, les ressources, et le soutien n\u00e9cessaires pour transformer les id\u00e9es en projets concrets, contribuant ainsi \u00e0 l&#8217;essor de l&#8217;\u00e9cosyst\u00e8me blockchain francophone.<\/li>\n\n\n\n<li><strong>Construire une Communaut\u00e9 Engag\u00e9e et Solidaire<\/strong> : La cr\u00e9ation d&#8217;une communaut\u00e9 dynamique et solidaire est essentielle pour favoriser l&#8217;\u00e9change de connaissances, l&#8217;entraide, et la collaboration. Notre objectif est de d\u00e9velopper des plateformes et des forums o\u00f9 les passionn\u00e9s de cryptomonnaies et de blockchain peuvent se rencontrer, partager des exp\u00e9riences, et travailler ensemble sur des initiatives communes.<\/li>\n\n\n\n<li><strong>Promouvoir l&#8217;Inclusion Financi\u00e8re et la Responsabilit\u00e9 Sociale<\/strong> : Enfin, nous aspirons \u00e0 utiliser l&#8217;\u00e9ducation comme un levier pour promouvoir l&#8217;inclusion financi\u00e8re et la responsabilit\u00e9 sociale. Cela comprend l&#8217;int\u00e9gration de principes \u00e9thiques dans nos cours, la sensibilisation aux implications sociales de la technologie blockchain, et le soutien \u00e0 des projets qui utilisent les cryptomonnaies et la blockchain pour adresser des d\u00e9fis sociaux et environnementaux.<\/li>\n<\/ol>\n\n\n\n<div class=\"wp-block-buttons is-content-justification-center is-layout-flex wp-container-1\">\n<div class=\"wp-block-button\"><a class=\"wp-block-button__link wp-element-button\" href=\"app.elviskonjoh.com\">Nous soutenir<\/a><\/div>\n<\/div>\n","protected":false},"excerpt":{"rendered":"<p>Notre vision est de devenir une pierre angulaire dans l&#8217;\u00e9ducation sur les cryptomonnaies et la blockchain pour la communaut\u00e9 francophone \u00e0 travers le monde. Nous aspirons \u00e0 cr\u00e9er un espace o\u00f9 la curiosit\u00e9, l&#8217;innovation, et l&#8217;aspiration au savoir se rencontrent, permettant \u00e0 chacun de d\u00e9couvrir le potentiel transformateur de ces technologies disruptives. Nous envisageons une &hellip; <\/p>\n<p class=\"link-more\"><a href=\"https:\/\/projet.elviskonjoh.com\/index.php\/notre-vision\/\" class=\"more-link\">Read more<span class=\"screen-reader-text\"> &#8220;Notre vision&#8221;<\/span><\/a><\/p>\n","protected":false},"author":1,"featured_media":85,"parent":0,"menu_order":0,"comment_status":"closed","ping_status":"closed","template":"","meta":{"content-type":""},"featured_media_urls":{"thumbnail":["https:\/\/projet.elviskonjoh.com\/wp-content\/uploads\/2023\/07\/vision_20statement_20examples-150x150.webp",150,150,true],"medium":["https:\/\/projet.elviskonjoh.com\/wp-content\/uploads\/2023\/07\/vision_20statement_20examples-300x127.webp",300,127,true],"medium_large":["https:\/\/projet.elviskonjoh.com\/wp-content\/uploads\/2023\/07\/vision_20statement_20examples-768x325.webp",768,325,true],"large":["https:\/\/projet.elviskonjoh.com\/wp-content\/uploads\/2023\/07\/vision_20statement_20examples-1024x433.webp",950,402,true],"1536x1536":["https:\/\/projet.elviskonjoh.com\/wp-content\/uploads\/2023\/07\/vision_20statement_20examples-1536x650.webp",1536,650,true],"2048x2048":["https:\/\/projet.elviskonjoh.com\/wp-content\/uploads\/2023\/07\/vision_20statement_20examples.webp",1848,782,false],"inspiro-featured-image":["https:\/\/projet.elviskonjoh.com\/wp-content\/uploads\/2023\/07\/vision_20statement_20examples.webp",1848,782,false],"inspiro-loop":["https:\/\/projet.elviskonjoh.com\/wp-content\/uploads\/2023\/07\/vision_20statement_20examples-950x320.webp",950,320,true],"inspiro-loop@2x":["https:\/\/projet.elviskonjoh.com\/wp-content\/uploads\/2023\/07\/vision_20statement_20examples-1848x640.webp",1848,640,true],"portfolio_item-thumbnail":["https:\/\/projet.elviskonjoh.com\/wp-content\/uploads\/2023\/07\/vision_20statement_20examples-600x400.webp",600,400,true],"portfolio_item-thumbnail@2x":["https:\/\/projet.elviskonjoh.com\/wp-content\/uploads\/2023\/07\/vision_20statement_20examples-1200x782.webp",1200,782,true],"portfolio_item-masonry":["https:\/\/projet.elviskonjoh.com\/wp-content\/uploads\/2023\/07\/vision_20statement_20examples-600x254.webp",600,254,true],"portfolio_item-masonry@2x":["https:\/\/projet.elviskonjoh.com\/wp-content\/uploads\/2023\/07\/vision_20statement_20examples-1200x508.webp",1200,508,true],"portfolio_item-thumbnail_cinema":["https:\/\/projet.elviskonjoh.com\/wp-content\/uploads\/2023\/07\/vision_20statement_20examples-800x335.webp",800,335,true],"portfolio_item-thumbnail_portrait":["https:\/\/projet.elviskonjoh.com\/wp-content\/uploads\/2023\/07\/vision_20statement_20examples-600x782.webp",600,782,true],"portfolio_item-thumbnail_portrait@2x":["https:\/\/projet.elviskonjoh.com\/wp-content\/uploads\/2023\/07\/vision_20statement_20examples-1200x782.webp",1200,782,true],"portfolio_item-thumbnail_square":["https:\/\/projet.elviskonjoh.com\/wp-content\/uploads\/2023\/07\/vision_20statement_20examples-800x782.webp",800,782,true]},"_links":{"self":[{"href":"https:\/\/projet.elviskonjoh.com\/index.php\/wp-json\/wp\/v2\/pages\/13"}],"collection":[{"href":"https:\/\/projet.elviskonjoh.com\/index.php\/wp-json\/wp\/v2\/pages"}],"about":[{"href":"https:\/\/projet.elviskonjoh.com\/index.php\/wp-json\/wp\/v2\/types\/page"}],"author":[{"embeddable":true,"href":"https:\/\/projet.elviskonjoh.com\/index.php\/wp-json\/wp\/v2\/users\/1"}],"replies":[{"embeddable":true,"href":"https:\/\/projet.elviskonjoh.com\/index.php\/wp-json\/wp\/v2\/comments?post=13"}],"version-history":[{"count":4,"href":"https:\/\/projet.elviskonjoh.com\/index.php\/wp-json\/wp\/v2\/pages\/13\/revisions"}],"predecessor-version":[{"id":133,"href":"https:\/\/projet.elviskonjoh.com\/index.php\/wp-json\/wp\/v2\/pages\/13\/revisions\/133"}],"wp:featuredmedia":[{"embeddable":true,"href":"https:\/\/projet.elviskonjoh.com\/index.php\/wp-json\/wp\/v2\/media\/85"}],"wp:attachment":[{"href":"https:\/\/projet.elviskonjoh.com\/index.php\/wp-json\/wp\/v2\/media?parent=13"}],"curies":[{"name":"wp","href":"https:\/\/api.w.org\/{rel}","templated":true}]}}